{"id":41,"date":"2019-10-16T11:54:40","date_gmt":"2019-10-16T09:54:40","guid":{"rendered":"https:\/\/pkc.ug.edu.pl\/2020\/?page_id=41"},"modified":"2022-12-22T08:34:10","modified_gmt":"2022-12-22T07:34:10","slug":"organizers","status":"publish","type":"page","link":"https:\/\/pkc.ug.edu.pl\/2023\/organizers\/","title":{"rendered":"Organizing committee"},"content":{"rendered":"\n<ul class=\"wp-block-list\"><li>Cezary Czaplewski (U of Gdansk, Poland)<\/li><li>Jooyoung Lee (KIAS, Korea)<\/li><li>Weontae Lee (Yonsei U, Korea)<\/li><li>Agnieszka Lipska (TASK, Poland)<\/li><li>Adam Liwo (U of Gdansk, Poland)<\/li><li>Mariusz Makowski (U of Gdansk, Poland)<\/li><li>Adam Sieradzan (U of Gdansk, Poland)<\/li><li>Magdalena \u015alusarz (U of Gdansk, Poland)<\/li><li>Rafa\u0142 \u015alusarz (U of Gdansk, Poland)<\/li><li>Bogdan Mierzejewski (PERSPEKTYWA)<\/li><li>Agnieszka Gan-Skrzydlewska (PERSPEKTYWA)<\/li><li>Artur Gie\u0142do\u0144 (U of Gdansk, Poland) \u2013 conference secretary<\/li><\/ul>\n\n\n\n<p><br><\/p>\n","protected":false},"excerpt":{"rendered":"<p>Cezary Czaplewski (U of Gdansk, Poland) Jooyoung Lee (KIAS, Korea) Weontae Lee (Yonsei U, Korea) Agnieszka Lipska (TASK, Poland) Adam Liwo (U of Gdansk, Poland) Mariusz Makowski (U of Gdansk, Poland) Adam Sieradzan (U of Gdansk, Poland) Magdalena \u015alusarz (U of Gdansk, Poland) Rafa\u0142 \u015alusarz (U of Gdansk, Poland) Bogdan Mierzejewski (PERSPEKTYWA) Agnieszka Gan-Skrzydlewska (PERSPEKTYWA) [&hellip;]<\/p>\n","protected":false},"author":2,"featured_media":0,"parent":0,"menu_order":0,"comment_status":"closed","ping_status":"closed","template":"","meta":{"footnotes":""},"class_list":["post-41","page","type-page","status-publish","hentry"],"_links":{"self":[{"href":"https:\/\/pkc.ug.edu.pl\/2023\/wp-json\/wp\/v2\/pages\/41","targetHints":{"allow":["GET"]}}],"collection":[{"href":"https:\/\/pkc.ug.edu.pl\/2023\/wp-json\/wp\/v2\/pages"}],"about":[{"href":"https:\/\/pkc.ug.edu.pl\/2023\/wp-json\/wp\/v2\/types\/page"}],"author":[{"embeddable":true,"href":"https:\/\/pkc.ug.edu.pl\/2023\/wp-json\/wp\/v2\/users\/2"}],"replies":[{"embeddable":true,"href":"https:\/\/pkc.ug.edu.pl\/2023\/wp-json\/wp\/v2\/comments?post=41"}],"version-history":[{"count":9,"href":"https:\/\/pkc.ug.edu.pl\/2023\/wp-json\/wp\/v2\/pages\/41\/revisions"}],"predecessor-version":[{"id":618,"href":"https:\/\/pkc.ug.edu.pl\/2023\/wp-json\/wp\/v2\/pages\/41\/revisions\/618"}],"wp:attachment":[{"href":"https:\/\/pkc.ug.edu.pl\/2023\/wp-json\/wp\/v2\/media?parent=41"}],"curies":[{"name":"wp","href":"https:\/\/api.w.org\/{rel}","templated":true}]}}