{"id":45,"date":"2019-10-16T11:56:07","date_gmt":"2019-10-16T09:56:07","guid":{"rendered":"https:\/\/pkc.ug.edu.pl\/2020\/?page_id=45"},"modified":"2023-04-05T16:54:05","modified_gmt":"2023-04-05T14:54:05","slug":"payment","status":"publish","type":"page","link":"https:\/\/pkc.ug.edu.pl\/2023\/registration\/payment\/","title":{"rendered":"Conference expenses"},"content":{"rendered":"\n<h3 class=\"wp-block-heading\"><strong>Fees:<\/strong><\/h3>\n\n\n\n<ul class=\"wp-block-list\">\n<li> 3.500 PLN (polish notation: 3 500,00 z\u0142) \u2013 full conference fee, includes  conference registration, accommodation (2 or 3 persons in a room), all  meals and conference banquet. <\/li>\n\n\n\n<li>1.900 PLN (polish notation: 1 900,00 z\u0142) \u2013 includes registration, all meals, conference banquet, does not include accommodation. <\/li>\n\n\n\n<li>1.900 PLN (polish notation: 1 900,00 z\u0142) \u2013 accompanying person\u2019s fee, includes accommodation, all meals and conference banquet. <\/li>\n\n\n\n<li>200 PLN (polish notation: 200,00 z\u0142) \u2013 online participant. Online participants will be provided with a <em>Zoom link<\/em>, and will be able to participate in all lectures. <\/li>\n<\/ul>\n\n\n\n<p>If you require to be accommodated in a single room (depends on availability) &#8211; an extra charge 1.000 PLN (polish notation: 1 000,00 z\u0142) is required. <\/p>\n\n\n\n<h3 class=\"wp-block-heading\">Payment:<\/h3>\n\n\n\n<p>The Conference account is:<\/p>\n\n\n\n<p><em>FUNDACJA PERSPEKTYWA<br> PL 08 1600 1462 1022 1956 7000 0001<br> BG\u017b BNP Paribas S.A., Oddzia\u0142 w Gda\u0144sku<br> SWIFT: PPABPLPKXXX<br> Add note: PKC2023, your_family_name, your_given_name<\/em><\/p>\n\n\n\n<h3 class=\"wp-block-heading\">Online payment:<\/h3>\n\n\n\n<p>If you would like to use electronic payment, please write an e-mail directly to artur.gieldon(at)ug.edu.pl with the title \u201cPKC2023 PAYMENT\u201d<br>The e-mail should look like this:<\/p>\n\n\n\n<div class=\"wp-block-columns is-layout-flex wp-container-core-columns-is-layout-1 wp-block-columns-is-layout-flex\">\n<div class=\"wp-block-column is-layout-flow wp-block-column-is-layout-flow\" style=\"flex-basis:100%\">\n<blockquote class=\"wp-block-quote is-layout-flow wp-block-quote-is-layout-flow\">\n<p><em>Prof. John Smith<br>Payment for : (conference fee \/ single room \/ accompanying person\/\u2026.)<br>Amount: XXXX PLN<br>University of Universe<br>Galactic Street 66<br>00999 NowhereLand<\/em><\/p>\n<\/blockquote>\n<\/div>\n<\/div>\n\n\n\n<div class=\"wp-block-group\"><div class=\"wp-block-group__inner-container is-layout-constrained wp-block-group-is-layout-constrained\">\n<p>As an answer, you will get the direct link, prepared especially for you to the payment gateway.<br>The link will be valid for 7 days.<\/p>\n<\/div><\/div>\n\n\n\n<h3 class=\"wp-block-heading\">Invoice:<\/h3>\n\n\n\n<p>Electronic invoices will be handed during registration.<br>Please make sure that correct data for the invoice are put in the registration form.<\/p>\n\n\n\n<h3 class=\"wp-block-heading\">Refund policy:<\/h3>\n\n\n\n<ul class=\"wp-block-list\">\n<li>refund before June 30th \u2013 100% <\/li>\n\n\n\n<li>refund after June 30th \u2013 50% <\/li>\n<\/ul>\n","protected":false},"excerpt":{"rendered":"<p>Fees: If you require to be accommodated in a single room (depends on availability) &#8211; an extra charge 1.000 PLN (polish notation: 1 000,00 z\u0142) is required. Payment: The Conference account is: FUNDACJA PERSPEKTYWA PL 08 1600 1462 1022 1956 7000 0001 BG\u017b BNP Paribas S.A., Oddzia\u0142 w Gda\u0144sku SWIFT: PPABPLPKXXX Add note: PKC2023, your_family_name, [&hellip;]<\/p>\n","protected":false},"author":2,"featured_media":0,"parent":43,"menu_order":0,"comment_status":"closed","ping_status":"closed","template":"","meta":{"footnotes":""},"class_list":["post-45","page","type-page","status-publish","hentry"],"_links":{"self":[{"href":"https:\/\/pkc.ug.edu.pl\/2023\/wp-json\/wp\/v2\/pages\/45","targetHints":{"allow":["GET"]}}],"collection":[{"href":"https:\/\/pkc.ug.edu.pl\/2023\/wp-json\/wp\/v2\/pages"}],"about":[{"href":"https:\/\/pkc.ug.edu.pl\/2023\/wp-json\/wp\/v2\/types\/page"}],"author":[{"embeddable":true,"href":"https:\/\/pkc.ug.edu.pl\/2023\/wp-json\/wp\/v2\/users\/2"}],"replies":[{"embeddable":true,"href":"https:\/\/pkc.ug.edu.pl\/2023\/wp-json\/wp\/v2\/comments?post=45"}],"version-history":[{"count":16,"href":"https:\/\/pkc.ug.edu.pl\/2023\/wp-json\/wp\/v2\/pages\/45\/revisions"}],"predecessor-version":[{"id":648,"href":"https:\/\/pkc.ug.edu.pl\/2023\/wp-json\/wp\/v2\/pages\/45\/revisions\/648"}],"up":[{"embeddable":true,"href":"https:\/\/pkc.ug.edu.pl\/2023\/wp-json\/wp\/v2\/pages\/43"}],"wp:attachment":[{"href":"https:\/\/pkc.ug.edu.pl\/2023\/wp-json\/wp\/v2\/media?parent=45"}],"curies":[{"name":"wp","href":"https:\/\/api.w.org\/{rel}","templated":true}]}}