{"id":45,"date":"2019-10-16T11:56:07","date_gmt":"2019-10-16T09:56:07","guid":{"rendered":"https:\/\/pkc.ug.edu.pl\/2020\/?page_id=45"},"modified":"2025-03-27T11:41:54","modified_gmt":"2025-03-27T10:41:54","slug":"payment","status":"publish","type":"page","link":"https:\/\/pkc.ug.edu.pl\/2025\/registration\/payment\/","title":{"rendered":"Conference expenses"},"content":{"rendered":"\r\n<h3 class=\"wp-block-heading\"><strong>Fees:<\/strong><\/h3>\r\n\r\n\r\n\r\n<ul class=\"wp-block-list\">\r\n<li>2.000 PLN (polish notation: 2 000,00 z\u0142) \u2013 full conference fee, includes conference participation, dinner and conference banquet. <br \/>For a group reservation (four or more members from one scientific group, 20% discount is possible; ask individually).<\/li>\r\n\r\n\r\n<\/ul>\r\n<h3 class=\"wp-block-heading\">Payment:<\/h3>\r\n\r\n\r\n\r\n<p>The Conference account is:<\/p>\r\n\r\n\r\n\r\n<p><em>FUNDACJA INICJATYW SPOLECZNYCH I ZAWODOWYCH PERSPEKTYWA<br \/>Oliwska 76\/1, 80-563 Gdansk, POLAND<br \/>NIP 957-107-61-36<br \/>PL 08 1600 1462 1022 1956 7000 0001<br \/>BG\u017b BNP Paribas S.A., Oddzia\u0142 w Gda\u0144sku<br \/>SWIFT: PPABPLPKXXX<br \/>Add note: PKC2025, your_family_name, your_given_name<\/em><\/p>\r\n\r\n\r\n\r\n<h3 class=\"wp-block-heading\">Online payment:<\/h3>\r\n\r\n\r\n\r\n<p>If you would like to use electronic payment, please write an e-mail directly to artur.gieldon(at)ug.edu.pl with the title \u201cPKC2025 PAYMENT\u201d<br \/>The e-mail should look like this:<\/p>\r\n\r\n\r\n\r\n<div class=\"wp-block-columns is-layout-flex wp-container-core-columns-is-layout-9d6595d7 wp-block-columns-is-layout-flex\">\r\n<div class=\"wp-block-column is-layout-flow wp-block-column-is-layout-flow\" style=\"flex-basis: 100%;\">\r\n<blockquote class=\"wp-block-quote is-layout-flow wp-block-quote-is-layout-flow\">\r\n<p><em>Prof. John Smith<br \/>Payment for : (conference fee )<br \/>Amount: XXXX PLN<br \/>University of Universe<br \/>Galactic Street 66<br \/>00999 NowhereLand<\/em><\/p>\r\n<\/blockquote>\r\n<\/div>\r\n<\/div>\r\n\r\n\r\n\r\n<div class=\"wp-block-group\"><div class=\"wp-block-group__inner-container is-layout-constrained wp-block-group-is-layout-constrained\">\r\n<p>As an answer, you will get the direct link, prepared especially for you to the payment gateway.<br \/>The link will be valid for 7 days.<\/p>\r\n<\/div><\/div>\r\n\r\n\r\n\r\n<h3 class=\"wp-block-heading\">Invoice:<\/h3>\r\n\r\n\r\n\r\n<p>Electronic invoices will be handed during registration.<br \/>Please make sure that correct data for the invoice are put in the registration form.<\/p>\r\n\r\n\r\n\r\n<h3 class=\"wp-block-heading\">Refund policy:<\/h3>\r\n\r\n\r\n\r\n<ul class=\"wp-block-list\">\r\n<li>refund before June 30th \u2013 100%<\/li>\r\n\r\n\r\n\r\n<li>refund after June 30th \u2013 50%<\/li>\r\n<\/ul>\r\n","protected":false},"excerpt":{"rendered":"<p>Fees:<\/p>\n","protected":false},"author":2,"featured_media":0,"parent":43,"menu_order":0,"comment_status":"closed","ping_status":"closed","template":"","meta":{"footnotes":""},"class_list":["post-45","page","type-page","status-publish","hentry"],"_links":{"self":[{"href":"https:\/\/pkc.ug.edu.pl\/2025\/wp-json\/wp\/v2\/pages\/45","targetHints":{"allow":["GET"]}}],"collection":[{"href":"https:\/\/pkc.ug.edu.pl\/2025\/wp-json\/wp\/v2\/pages"}],"about":[{"href":"https:\/\/pkc.ug.edu.pl\/2025\/wp-json\/wp\/v2\/types\/page"}],"author":[{"embeddable":true,"href":"https:\/\/pkc.ug.edu.pl\/2025\/wp-json\/wp\/v2\/users\/2"}],"replies":[{"embeddable":true,"href":"https:\/\/pkc.ug.edu.pl\/2025\/wp-json\/wp\/v2\/comments?post=45"}],"version-history":[{"count":20,"href":"https:\/\/pkc.ug.edu.pl\/2025\/wp-json\/wp\/v2\/pages\/45\/revisions"}],"predecessor-version":[{"id":908,"href":"https:\/\/pkc.ug.edu.pl\/2025\/wp-json\/wp\/v2\/pages\/45\/revisions\/908"}],"up":[{"embeddable":true,"href":"https:\/\/pkc.ug.edu.pl\/2025\/wp-json\/wp\/v2\/pages\/43"}],"wp:attachment":[{"href":"https:\/\/pkc.ug.edu.pl\/2025\/wp-json\/wp\/v2\/media?parent=45"}],"curies":[{"name":"wp","href":"https:\/\/api.w.org\/{rel}","templated":true}]}}