{"id":51,"date":"2019-10-16T11:58:16","date_gmt":"2019-10-16T09:58:16","guid":{"rendered":"https:\/\/pkc.ug.edu.pl\/2020\/?page_id=51"},"modified":"2025-09-01T11:43:43","modified_gmt":"2025-09-01T09:43:43","slug":"travel","status":"publish","type":"page","link":"https:\/\/pkc.ug.edu.pl\/2025\/map\/travel\/","title":{"rendered":"Travel info"},"content":{"rendered":"\r\n\r\n\r\n<p>Gdansk and Warsaw are accessible by plane from most European hubs, including Frankfurt, Munich, Stockholm, etc. <br \/>The airport is the <a href=\"http:\/\/www.airport.gdansk.pl\/\">Gdansk Lech Walesa Airport<\/a>.<br \/>From the Airport it is possible to take the <a href=\"https:\/\/www.pkm-sa.pl\/\">PKM<\/a> train to reach the city (direction Gda\u0144sk Wrzeszcz \/ Gda\u0144sk G\u0142\u00f3wny).<\/p>\r\n\r\n\r\n\r\n<p>Schematic of PKM route:<\/p>\r\n\r\n\r\n\r\n<figure class=\"wp-block-image\"><img loading=\"lazy\" decoding=\"async\" width=\"1024\" height=\"483\" class=\"wp-image-246\" src=\"https:\/\/pkc.ug.edu.pl\/wp-content\/uploads\/2019\/12\/linia-pkm_folder2012-1024x483.jpg\" alt=\"Linia PKM\" srcset=\"https:\/\/pkc.ug.edu.pl\/wp-content\/uploads\/2019\/12\/linia-pkm_folder2012-1024x483.jpg 1024w, https:\/\/pkc.ug.edu.pl\/wp-content\/uploads\/2019\/12\/linia-pkm_folder2012-scaled-600x283.jpg 600w, https:\/\/pkc.ug.edu.pl\/wp-content\/uploads\/2019\/12\/linia-pkm_folder2012-300x141.jpg 300w, https:\/\/pkc.ug.edu.pl\/wp-content\/uploads\/2019\/12\/linia-pkm_folder2012-768x362.jpg 768w, https:\/\/pkc.ug.edu.pl\/wp-content\/uploads\/2019\/12\/linia-pkm_folder2012-1870x882.jpg 1870w, https:\/\/pkc.ug.edu.pl\/wp-content\/uploads\/2019\/12\/linia-pkm_folder2012-400x189.jpg 400w, https:\/\/pkc.ug.edu.pl\/wp-content\/uploads\/2019\/12\/linia-pkm_folder2012-800x377.jpg 800w\" sizes=\"auto, (max-width: 1024px) 100vw, 1024px\" \/><\/figure>\r\n\r\n\r\n\r\n<p>The train station &#8220;<strong>Gda\u0144sk Strzy\u017ca<\/strong>&#8221; is the University stop. The trip takes about 15 min, the ticket is about 10 PLN. You can buy the ticket form the conductor.<br \/>To get to the Faculty of Chemistry (ul. Wita Stwosza 63, 80-308 Gda\u0144sk) you can also get a car; see the map <a href=\"\/2025\/map\">here<\/a>.<\/p>\r\n\r\n\r\n\r\n<p>Warsaw:<br \/>The airport is the <a href=\"https:\/\/www.lotnisko-chopina.pl\/\">Warsaw Chopin Airport<\/a>.<br \/>From the Airport it is possible to take the subway, bus or taxi to reach the city (Warszawa Centralna).<\/p>\r\n","protected":false},"excerpt":{"rendered":"<p>Gdansk and Warsaw are accessible by plane from most European hubs, including Frankfurt, Munich, Stockholm, etc. The airport is the Gdansk Lech Walesa Airport.From the Airport it is possible to take the PKM train to reach the city (direction Gda\u0144sk Wrzeszcz \/ Gda\u0144sk G\u0142\u00f3wny). Schematic of PKM route: The train station &#8220;Gda\u0144sk Strzy\u017ca&#8221; is the University stop. The [&hellip;]<\/p>\n","protected":false},"author":2,"featured_media":0,"parent":49,"menu_order":0,"comment_status":"closed","ping_status":"closed","template":"","meta":{"footnotes":""},"class_list":["post-51","page","type-page","status-publish","hentry"],"_links":{"self":[{"href":"https:\/\/pkc.ug.edu.pl\/2025\/wp-json\/wp\/v2\/pages\/51","targetHints":{"allow":["GET"]}}],"collection":[{"href":"https:\/\/pkc.ug.edu.pl\/2025\/wp-json\/wp\/v2\/pages"}],"about":[{"href":"https:\/\/pkc.ug.edu.pl\/2025\/wp-json\/wp\/v2\/types\/page"}],"author":[{"embeddable":true,"href":"https:\/\/pkc.ug.edu.pl\/2025\/wp-json\/wp\/v2\/users\/2"}],"replies":[{"embeddable":true,"href":"https:\/\/pkc.ug.edu.pl\/2025\/wp-json\/wp\/v2\/comments?post=51"}],"version-history":[{"count":8,"href":"https:\/\/pkc.ug.edu.pl\/2025\/wp-json\/wp\/v2\/pages\/51\/revisions"}],"predecessor-version":[{"id":972,"href":"https:\/\/pkc.ug.edu.pl\/2025\/wp-json\/wp\/v2\/pages\/51\/revisions\/972"}],"up":[{"embeddable":true,"href":"https:\/\/pkc.ug.edu.pl\/2025\/wp-json\/wp\/v2\/pages\/49"}],"wp:attachment":[{"href":"https:\/\/pkc.ug.edu.pl\/2025\/wp-json\/wp\/v2\/media?parent=51"}],"curies":[{"name":"wp","href":"https:\/\/api.w.org\/{rel}","templated":true}]}}