{"id":950,"date":"2025-08-06T18:14:39","date_gmt":"2025-08-06T16:14:39","guid":{"rendered":"https:\/\/pkc.ug.edu.pl\/2025\/?page_id=950"},"modified":"2025-09-02T19:20:04","modified_gmt":"2025-09-02T17:20:04","slug":"invited-speakers","status":"publish","type":"page","link":"https:\/\/pkc.ug.edu.pl\/2025\/invited-speakers\/","title":{"rendered":"Invited Speakers"},"content":{"rendered":"<ul>\n<li>Krzysztof Bojarski, Technical University of Gda\u0144sk, Poland<\/li>\n<li>Bernard Brooks, NIH, USA<\/li>\n<li>Yoon-Joo Choi, Chunnam National University, S. Korea<\/li>\n<li>Steven Gross, University of California, Irvine, USA<\/li>\n<li>Sebastian Kmiecik, University of Warsaw, Polad<\/li>\n<li>Brice Korkmaz, INSERM, France<\/li>\n<li>Gyu-Ree Lee, University of Washington, USA<\/li>\n<li>In-Gyun Lee, Seoul National University, S. Korea<\/li>\n<li>Sang-Hak Lee, Seoul National University, S. Korea<\/li>\n<li>Jyoung Lee, Seoul National University, S. Korea<\/li>\n<li>Yoonji Lee, Chung-Ang University, S. Korea<\/li>\n<li>Mai Suan Li, Polish Academy of Sciences, Poland<\/li>\n<li>Agnieszka Lipska, Technical University of Gda\u0144sk, Poland<\/li>\n<li>Mariusz Makowski, University of Gda\u0144sk, Poland<\/li>\n<li>Maciej Maciejczyk, University of Warmia and Mazury, Poland<\/li>\n<li>Antti Niemi, NORDITA, Sweden<\/li>\n<li>Jae-Hyun Park, Sungkyunkwan University, S. Korea<\/li>\n<li>Jongmin Park, Kangwon National University, S. Korea<\/li>\n<li>Woong-Hee Shin, Korea University, S. Korea<\/li>\n<li>Changyun Son, Seoul National University, S. Korea<\/li>\n<li>Sergey Samsonov, University of Gda\u0144sk, Poland<\/li>\n<li>Yuji Sugita, RIKEN, Japan<\/li>\n<li>Rafa\u0142 \u015alusarz, University of Gda\u0144sk, Poland<\/li>\n<li>Jejoong Yoo, Sungkyunkwan University, S. Korea<\/li>\n<li>Patryk Weso\u0142owski, Cambridge University, UK<\/li>\n<\/ul>\n","protected":false},"excerpt":{"rendered":"<p>Krzysztof Bojarski, Technical University of Gda\u0144sk, Poland Bernard Brooks, NIH, USA Yoon-Joo Choi, Chunnam National University, S. Korea Steven Gross, University of California, Irvine, USA Sebastian Kmiecik, University of Warsaw, Polad Brice Korkmaz, INSERM, France Gyu-Ree Lee, University of Washington, USA In-Gyun Lee, Seoul National University, S. Korea Sang-Hak Lee, Seoul National University, S. Korea Jyoung Lee, Seoul [&hellip;]<\/p>\n","protected":false},"author":2,"featured_media":0,"parent":0,"menu_order":0,"comment_status":"closed","ping_status":"closed","template":"","meta":{"footnotes":""},"class_list":["post-950","page","type-page","status-publish","hentry"],"_links":{"self":[{"href":"https:\/\/pkc.ug.edu.pl\/2025\/wp-json\/wp\/v2\/pages\/950","targetHints":{"allow":["GET"]}}],"collection":[{"href":"https:\/\/pkc.ug.edu.pl\/2025\/wp-json\/wp\/v2\/pages"}],"about":[{"href":"https:\/\/pkc.ug.edu.pl\/2025\/wp-json\/wp\/v2\/types\/page"}],"author":[{"embeddable":true,"href":"https:\/\/pkc.ug.edu.pl\/2025\/wp-json\/wp\/v2\/users\/2"}],"replies":[{"embeddable":true,"href":"https:\/\/pkc.ug.edu.pl\/2025\/wp-json\/wp\/v2\/comments?post=950"}],"version-history":[{"count":2,"href":"https:\/\/pkc.ug.edu.pl\/2025\/wp-json\/wp\/v2\/pages\/950\/revisions"}],"predecessor-version":[{"id":973,"href":"https:\/\/pkc.ug.edu.pl\/2025\/wp-json\/wp\/v2\/pages\/950\/revisions\/973"}],"wp:attachment":[{"href":"https:\/\/pkc.ug.edu.pl\/2025\/wp-json\/wp\/v2\/media?parent=950"}],"curies":[{"name":"wp","href":"https:\/\/api.w.org\/{rel}","templated":true}]}}